{"id":8633,"date":"2024-02-27T06:07:55","date_gmt":"2024-02-27T06:07:55","guid":{"rendered":"https:\/\/webkeyz.com\/services\/"},"modified":"2026-02-03T08:57:29","modified_gmt":"2026-02-03T08:57:29","slug":"services","status":"publish","type":"page","link":"https:\/\/webkeyz.com\/de-at\/services\/","title":{"rendered":"Dienstleistungen"},"content":{"rendered":"<section id=\"page-intro-mb-block-d54e6c82-3d60-486e-9bf6-f26a3bb01bee\" class=\"page-intro \">\n    <div class=\"container-fluid\">\n        <h2>\n            Dienstleistungen        <\/h2>\n\n                    <h1>\n\n                <p>Morgen formen,<br \/>heute f\u00fchren<\/p>\n<div class=\"description\">\u00a0<\/div>\n            <\/h1>\n        \n        <div class=\"description\">\n                            <section id=\"page-intro-mb-block-460f01f8-5922-42b9-8b97-e546800cc60b\" class=\"page-intro \">\n<div class=\"container-fluid\">\n<div class=\"description\">\n<p>F\u00fchre ins Business der Zukunft wo au\u00dfergew\u00f6hnliches Design auf strategische Innovation trifft.<\/p>\n<\/div>\n<\/div>\n<\/section>\n<section id=\"services-list-mb-block-61477483-4032-446a-9697-dcf6f0102957\" class=\"services-list container-fluid\"><\/section>\n                    <\/div>\n    <\/div>\n<\/section>\n\n\n<h1 class=\"wp-block-heading has-text-align-left title-8\" style=\"text-transform:uppercase\"><\/h1>\n\n\n<section id=\"services-list-mb-block-ced4e005-4369-4230-8453-fa4b74638db2\" class=\"services-list container-fluid\">\n    <h4 class=\"heading-border-left mb-4\">Erfahrung<\/h4>\n    <div class=\"mb-5\"><img decoding=\"async\" src=\"https:\/\/webkeyz.com\/wp-content\/uploads\/2024\/02\/experience-1.jpg\" alt=\"Erfahrung\" class=\"image-full\"\/><\/div>\n    <div class=\"row\"><div class=\"col-md-5\">\n        <h2 class=\"mb-4\">Die Kunst der Experience<\/h2>\n        <div class=\"mb-3 service-description\"><div>\u00a0<\/div>\n<p class=\"font-claude-response-body break-words whitespace-normal leading-[1.7]\"><em>Verwandle Nutzerinteraktionen in <strong>unvergessliche Customer Journeys<\/strong>, die Loyalit\u00e4t aufbauen und durch strategisches Design <strong>messbares Unternehmenswachstum<\/strong> erzielen. Unsere <strong>Erlebnisdesign-Services<\/strong> sorgen daf\u00fcr, dass deine Marke an jedem Touchpoint emotional resoniert und nachhaltige Verbindungen schafft.<\/em><\/p>\n<p class=\"font-claude-response-body break-words whitespace-normal leading-[1.7]\">\u00a0<\/p>\n<p class=\"font-claude-response-body break-words whitespace-normal leading-[1.7]\">\u00a0<\/p>\n<\/div>\n    <\/div><div class=\"col-md-2\"><\/div><div class=\"col-md-5\">\n\n<div class=\"service-list\"><a class=\"d-flex service-item align-items-center justify-content-center\" href=\"https:\/\/webkeyz.com\/de-at\/service\/digital-experience\/\"><div class=\"d-flex align-items-center justify-content-between\"><div><h5>Digital Experience<\/h5><div class=\"service-content\">Digital Experience, Digitale Grenzen pionieren: Wo Innovation auf Empathie trifft<\/div><\/div>\n        <div class=\"service-arrow\"><span class=\"next-btn\">\n                <i class=\"icon-arrow-right\"><\/i>\n            <\/span><\/div><\/div><\/a><a class=\"d-flex service-item align-items-center justify-content-center\" href=\"https:\/\/webkeyz.com\/de-at\/service\/in-store-experience-design\/\"><div class=\"d-flex align-items-center justify-content-between\"><div><h5>In-Store Experience Design<\/h5><div class=\"service-content\">In-Store Experience Design, R\u00e4ume schaffen, in denen Marken und Konsumenten sich verbinden\n<\/div><\/div>\n        <div class=\"service-arrow\"><span class=\"next-btn\">\n                <i class=\"icon-arrow-right\"><\/i>\n            <\/span><\/div><\/div><\/a><a class=\"d-flex service-item align-items-center justify-content-center\" href=\"https:\/\/webkeyz.com\/de-at\/service\/citizen-experience-design\/\"><div class=\"d-flex align-items-center justify-content-between\"><div><h5>Citizen Experience Design<\/h5><div class=\"service-content\">Citizen Experience Design, F\u00fcr Demokratie gestalten: Citizen Engagement und Zufriedenheit verbessern\n<\/div><\/div>\n        <div class=\"service-arrow\"><span class=\"next-btn\">\n                <i class=\"icon-arrow-right\"><\/i>\n            <\/span><\/div><\/div><\/a><a class=\"d-flex service-item align-items-center justify-content-center\" href=\"https:\/\/webkeyz.com\/de-at\/service\/ux-research-lab\/\"><div class=\"d-flex align-items-center justify-content-between\"><div><h5>UX Research &amp; Lab<\/h5><div class=\"service-content\">UX Research &#038; Lab, Nutzerverhalten entschl\u00fcsseln, die L\u00f6sungen von morgen gestalten\n<\/div><\/div>\n        <div class=\"service-arrow\"><span class=\"next-btn\">\n                <i class=\"icon-arrow-right\"><\/i>\n            <\/span><\/div><\/div><\/a><a class=\"d-flex service-item align-items-center justify-content-center\" href=\"https:\/\/webkeyz.com\/de-at\/service\/spatial-experience-design\/\"><div class=\"d-flex align-items-center justify-content-between\"><div><h5>Spatial Experience Design<\/h5><div class=\"service-content\">Spatial Experience Design , Immersive Umgebungen f\u00fcr fesselnde Erlebnisse orchestrieren<\/div><\/div>\n        <div class=\"service-arrow\"><span class=\"next-btn\">\n                <i class=\"icon-arrow-right\"><\/i>\n            <\/span><\/div><\/div><\/a><\/div>\n    \n    <\/div><\/div>\n<\/section>\n\n<section id=\"services-list-mb-block-e213245c-d6d3-41a7-a65b-b7d37e051ea3\" class=\"services-list mb-5 container-fluid\">\n    <h4 class=\"heading-border-left mb-4\">Innovation<\/h4>\n    <div class=\"mb-5\"><img decoding=\"async\" src=\"https:\/\/webkeyz.com\/wp-content\/uploads\/2024\/02\/innovation.jpg\" alt=\"Innovation\" class=\"image-full\"\/><\/div>\n    <div class=\"row\"><div class=\"col-md-5\">\n        <h2 class=\"mb-4\">Blaupausen f\u00fcr Innovation<\/h2>\n        <div class=\"mb-3 service-description\"><p class=\"font-claude-response-body break-words whitespace-normal leading-[1.7]\"><em>Entfessle das Innovationspotenzial deines Unternehmens mit unseren <strong>praxisorientierten Workshops, strategischen Programmen und Executive Coachings<\/strong>. Wir vermitteln die Methoden und Tools, mit denen dein Team zur <strong>Innovationsf\u00fchrerschaft<\/strong> aufsteigt und transformative L\u00f6sungen entwickelt, die echten Business-Impact generieren.<\/em><\/p>\n<\/div>\n    <\/div><div class=\"col-md-2\"><\/div><div class=\"col-md-5\">\n\n<div class=\"service-list\"><a class=\"d-flex service-item align-items-center justify-content-center\" href=\"https:\/\/webkeyz.com\/de-at\/service\/innovation-training-coaching\/\"><div class=\"d-flex align-items-center justify-content-between\"><div><h5>Innovation Training &amp; Coaching<\/h5><div class=\"service-content\">Innovation Training &#038; Coaching, Eine Kultur kontinuierlicher Innovation f\u00f6rdern\n<\/div><\/div>\n        <div class=\"service-arrow\"><span class=\"next-btn\">\n                <i class=\"icon-arrow-right\"><\/i>\n            <\/span><\/div><\/div><\/a><a class=\"d-flex service-item align-items-center justify-content-center\" href=\"https:\/\/webkeyz.com\/de-at\/service\/innovation-programs\/\"><div class=\"d-flex align-items-center justify-content-between\"><div><h5>Innovation Programs<\/h5><div class=\"service-content\">Innovation Programs, Innovation auf allen Ebenen kultivieren\n<\/div><\/div>\n        <div class=\"service-arrow\"><span class=\"next-btn\">\n                <i class=\"icon-arrow-right\"><\/i>\n            <\/span><\/div><\/div><\/a><a class=\"d-flex service-item align-items-center justify-content-center\" href=\"https:\/\/webkeyz.com\/de-at\/service\/innovation-labs\/\"><div class=\"d-flex align-items-center justify-content-between\"><div><h5>Innovation Labs<\/h5><div class=\"service-content\">Innovation Labs\nDie L\u00f6sungen von morgen heute entwickeln\n<\/div><\/div>\n        <div class=\"service-arrow\"><span class=\"next-btn\">\n                <i class=\"icon-arrow-right\"><\/i>\n            <\/span><\/div><\/div><\/a><a class=\"d-flex service-item align-items-center justify-content-center\" href=\"https:\/\/webkeyz.com\/de-at\/service\/innovation-workshops\/\"><div class=\"d-flex align-items-center justify-content-between\"><div><h5>Innovation Workshops<\/h5><div class=\"service-content\">Innovation Workshops &#8211; Ideen durch Co-Creation in Wirkung verwandeln<\/div><\/div>\n        <div class=\"service-arrow\"><span class=\"next-btn\">\n                <i class=\"icon-arrow-right\"><\/i>\n            <\/span><\/div><\/div><\/a><\/div>\n    \n    <\/div><\/div>\n<\/section>","protected":false},"excerpt":{"rendered":"","protected":false},"author":2,"featured_media":0,"parent":0,"menu_order":0,"comment_status":"closed","ping_status":"closed","template":"","meta":{"inline_featured_image":false,"footnotes":""},"class_list":["post-8633","page","type-page","status-publish","hentry"],"_links":{"self":[{"href":"https:\/\/webkeyz.com\/de-at\/wp-json\/wp\/v2\/pages\/8633","targetHints":{"allow":["GET"]}}],"collection":[{"href":"https:\/\/webkeyz.com\/de-at\/wp-json\/wp\/v2\/pages"}],"about":[{"href":"https:\/\/webkeyz.com\/de-at\/wp-json\/wp\/v2\/types\/page"}],"author":[{"embeddable":true,"href":"https:\/\/webkeyz.com\/de-at\/wp-json\/wp\/v2\/users\/2"}],"replies":[{"embeddable":true,"href":"https:\/\/webkeyz.com\/de-at\/wp-json\/wp\/v2\/comments?post=8633"}],"version-history":[{"count":3,"href":"https:\/\/webkeyz.com\/de-at\/wp-json\/wp\/v2\/pages\/8633\/revisions"}],"predecessor-version":[{"id":9041,"href":"https:\/\/webkeyz.com\/de-at\/wp-json\/wp\/v2\/pages\/8633\/revisions\/9041"}],"wp:attachment":[{"href":"https:\/\/webkeyz.com\/de-at\/wp-json\/wp\/v2\/media?parent=8633"}],"curies":[{"name":"wp","href":"https:\/\/api.w.org\/{rel}","templated":true}]}}