{"id":8688,"date":"2022-03-27T19:25:26","date_gmt":"2022-03-27T19:25:26","guid":{"rendered":"https:\/\/webkeyz.com\/?page_id=8688"},"modified":"2026-01-20T12:12:58","modified_gmt":"2026-01-20T12:12:58","slug":"careers","status":"publish","type":"page","link":"https:\/\/webkeyz.com\/de-at\/careers\/","title":{"rendered":"Karriere"},"content":{"rendered":"<section id=\"page-intro-mb-block-33f8ac07-2dbe-4c94-878e-e6442f6ed55b\" class=\"page-intro \">\n    <div class=\"container-fluid\">\n        <h2>\n            Karriere        <\/h2>\n\n                    <h1>\n\n                <p>Werde Teil der Bewegung, Baue deine Karriere auf<\/p>\n            <\/h1>\n        \n        <div class=\"description\">\n                            <p><em>Wir <strong>pr\u00e4gen das Gesicht der Branche<\/strong> in der Region als <strong>Pioniere<\/strong> neuer Gesch\u00e4ftsmodelle \u2013 und schaffen Mehrwert durch <strong>bahnbrechende Services<\/strong> bei kompromisslos hohen Qualit\u00e4tsstandards.<\/em><\/p>\n                    <\/div>\n    <\/div>\n<\/section>\n\n<section id=\"vacancies\" class=\"custom-sjb-block \">\n    <!-- <div class=\"sjb-bg-overlay\"><\/div> -->\n\n    <div class=\"container-fluid\">\n\n        <h2>Aktuelle Stellenangebote<\/h2>\n\n        \n<div class=\"sjb-page\">\n    <div class=\"row\">\n\n\n        <!-- Start: Jobs Listing Wrapper -->\n\n        \n<!-- Start Job Filters\n================================================== -->\n<div class=\" sjb-filters-v2\">\n        <form class=\"filters-form\" action=\"https:\/\/webkeyz.com\/de-at\/careers\/\" method=\"get\">\n        <div class=\"row\">\n                    <\/div>\n    <\/form>\n\n    <div class=\"custom-filter\">\n            <\/div>\n<\/div>\n<!-- ==================================================\nEnd Job Filters -->\n\n\n<div class=\"sjb-listing\">\n        <!-- start Jobs Listing: List View -->\n    <div id=\"query-wrapper\" class=\"list-view\">\n\n        \n<!-- Start Jobs List View \n================================================== -->\n<div class=\"list-item\">\n    <header>\n        <a href=\"https:\/\/webkeyz.com\/de-at\/jobs\/business-development-manager\/\">\n            <div class=\"content-wrapper row flex-column flex-lg-row g-0\">\n                <div class='job col-lg-5 col-12'>\n                    <h3 class=\"job-title\">Business Development Manager<\/h3>\n                <\/div>\n\n                <ul class=\"col-lg-6 col-12\">\n\n\n\n                    \n<!-- Start Job Type\n================================================== -->\n<!-- ==================================================\nEnd Job Type -->\n\n\n                    \n<!-- Start Job's Location\n================================================== -->\n    <li>\n        <i class=\"icon-location\"><\/i>Cairo, hybrid    <\/li>\n<!-- ==================================================\nEnd Job's Location -->\n\n\n                    \n                <\/ul>\n            <\/div>\n\n            <!-- <div class=\"action-wrapper\">\n                    <\/div> -->\n        <\/a>\n    <\/header>\n\n    \n<\/div>\n<!-- ==================================================\nEnd Jobs List View -->\n\n\n\n\n<!-- Start Jobs List View \n================================================== -->\n<div class=\"list-item\">\n    <header>\n        <a href=\"https:\/\/webkeyz.com\/de-at\/jobs\/%d8%a3%d8%ae%d8%b5%d8%a7%d8%a6%d9%8a-%d8%a7%d8%ae%d8%aa%d8%a8%d8%a7%d8%b1-%d8%a7%d9%84%d8%a8%d8%b1%d9%85%d8%ac%d9%8a%d8%a7%d8%aa\/\">\n            <div class=\"content-wrapper row flex-column flex-lg-row g-0\">\n                <div class='job col-lg-5 col-12'>\n                    <h3 class=\"job-title\">Software Testing Specialist<\/h3>\n                <\/div>\n\n                <ul class=\"col-lg-6 col-12\">\n\n\n\n                    \n<!-- Start Job Type\n================================================== -->\n    <li>\n        <i class=\"icon-suitcase\"><\/i>\u062f\u0648\u0627\u0645 \u0643\u0627\u0645\u0644    <\/li>\n<!-- ==================================================\nEnd Job Type -->\n\n\n                    \n<!-- Start Job's Location\n================================================== -->\n    <li>\n        <i class=\"icon-location\"><\/i>\u0627\u0644\u0642\u0627\u0647\u0631\u0629, \u0627\u0644\u0639\u0645\u0644 \u0639\u0646 \u0628\u0639\u062f    <\/li>\n<!-- ==================================================\nEnd Job's Location -->\n\n\n                    \n                <\/ul>\n            <\/div>\n\n            <!-- <div class=\"action-wrapper\">\n                    <\/div> -->\n        <\/a>\n    <\/header>\n\n    \n<\/div>\n<!-- ==================================================\nEnd Jobs List View -->\n\n\n\n\n<!-- Start Jobs List View \n================================================== -->\n<div class=\"list-item\">\n    <header>\n        <a href=\"https:\/\/webkeyz.com\/de-at\/jobs\/%d9%85%d8%b7%d9%88%d8%b1-flutter\/\">\n            <div class=\"content-wrapper row flex-column flex-lg-row g-0\">\n                <div class='job col-lg-5 col-12'>\n                    <h3 class=\"job-title\">Flutter Developer<\/h3>\n                <\/div>\n\n                <ul class=\"col-lg-6 col-12\">\n\n\n\n                    \n<!-- Start Job Type\n================================================== -->\n    <li>\n        <i class=\"icon-suitcase\"><\/i>\u062f\u0648\u0627\u0645 \u0643\u0627\u0645\u0644    <\/li>\n<!-- ==================================================\nEnd Job Type -->\n\n\n                    \n<!-- Start Job's Location\n================================================== -->\n    <li>\n        <i class=\"icon-location\"><\/i>\u0627\u0644\u0642\u0627\u0647\u0631\u0629, \u0645\u0631\u0646    <\/li>\n<!-- ==================================================\nEnd Job's Location -->\n\n\n                    \n                <\/ul>\n            <\/div>\n\n            <!-- <div class=\"action-wrapper\">\n                    <\/div> -->\n        <\/a>\n    <\/header>\n\n    \n<\/div>\n<!-- ==================================================\nEnd Jobs List View -->\n\n\n\n\n<!-- Start Jobs List View \n================================================== -->\n<div class=\"list-item\">\n    <header>\n        <a href=\"https:\/\/webkeyz.com\/de-at\/jobs\/%d9%85%d8%b7%d9%88%d8%b1-backend\/\">\n            <div class=\"content-wrapper row flex-column flex-lg-row g-0\">\n                <div class='job col-lg-5 col-12'>\n                    <h3 class=\"job-title\">Backend Developer<\/h3>\n                <\/div>\n\n                <ul class=\"col-lg-6 col-12\">\n\n\n\n                    \n<!-- Start Job Type\n================================================== -->\n    <li>\n        <i class=\"icon-suitcase\"><\/i>\u062f\u0648\u0627\u0645 \u0643\u0627\u0645\u0644    <\/li>\n<!-- ==================================================\nEnd Job Type -->\n\n\n                    \n<!-- Start Job's Location\n================================================== -->\n    <li>\n        <i class=\"icon-location\"><\/i>\u0627\u0644\u0642\u0627\u0647\u0631\u0629, \u0645\u0631\u0646    <\/li>\n<!-- ==================================================\nEnd Job's Location -->\n\n\n                    \n                <\/ul>\n            <\/div>\n\n            <!-- <div class=\"action-wrapper\">\n                    <\/div> -->\n        <\/a>\n    <\/header>\n\n    \n<\/div>\n<!-- ==================================================\nEnd Jobs List View -->\n\n\n\n\n<!-- Start Jobs List View \n================================================== -->\n<div class=\"list-item\">\n    <header>\n        <a href=\"https:\/\/webkeyz.com\/de-at\/jobs\/%d9%85%d8%b7%d9%88%d8%b1-frontend\/\">\n            <div class=\"content-wrapper row flex-column flex-lg-row g-0\">\n                <div class='job col-lg-5 col-12'>\n                    <h3 class=\"job-title\">Frontend Developer<\/h3>\n                <\/div>\n\n                <ul class=\"col-lg-6 col-12\">\n\n\n\n                    \n<!-- Start Job Type\n================================================== -->\n    <li>\n        <i class=\"icon-suitcase\"><\/i>\u062f\u0648\u0627\u0645 \u0643\u0627\u0645\u0644    <\/li>\n<!-- ==================================================\nEnd Job Type -->\n\n\n                    \n<!-- Start Job's Location\n================================================== -->\n    <li>\n        <i class=\"icon-location\"><\/i>\u0627\u0644\u0642\u0627\u0647\u0631\u0629, \u0645\u0631\u0646    <\/li>\n<!-- ==================================================\nEnd Job's Location -->\n\n\n                    \n                <\/ul>\n            <\/div>\n\n            <!-- <div class=\"action-wrapper\">\n                    <\/div> -->\n        <\/a>\n    <\/header>\n\n    \n<\/div>\n<!-- ==================================================\nEnd Jobs List View -->\n\n\n\n\n    <\/div> <!-- end Jobs Listing: List View -->\n<\/div>\n<!-- End: Jobs Listing -->\n\n<\/div><!-- container end -->\n<\/div><!-- .sjb-page end -->\n<!-- End: Jobs Listing Wrapper -->\n\n\n\n\n\n\n    <\/div>\n\n<\/section>\n\n<section id=\"collapse-content-mb-block-88a3dff2-95df-4c04-a30f-483a29dfeae4\" class=\"collapse-content \" style=\"background-color:#000000\" >\n    <div class=\"\">\n        <div class=\"row g-0 align-items-center\">\n            <div class=\"col-12 text-center\">\n                <h3 class=\"section-title\">Unser Motto<\/h3>\n            <\/div>\n        <\/div>\n        <div class=\"row article\">\n                            <article class=\"collapse-item col-12 col-md-6 col-xl-4\">\n                    <div class=\"title-wrapper\">\n                        <h4>Sei legend\u00e4r<\/h4>\n                    <\/div>\n                    <div class=\"collapse-content-data active\">\n                        <p data-start=\"507\" data-end=\"714\">Wir geben uns nicht mit dem Gew\u00f6hnlichen zufrieden \u2013 und du solltest es auch nicht. Arbeiten bei webkeyz bedeutet, deine Grenzen zu \u00fcberschreiten. Unsere Ziele sind realistisch erreichbar, keine Tr\u00e4umereien.<\/p>\n                    <\/div>\n                <\/article>\n                            <article class=\"collapse-item col-12 col-md-6 col-xl-4\">\n                    <div class=\"title-wrapper\">\n                        <h4>Bleib bescheiden<\/h4>\n                    <\/div>\n                    <div class=\"collapse-content-data active\">\n                        <p data-start=\"748\" data-end=\"976\">Niemand mag einen Snob. Teile dein Wissen. Niemand ist zu erfahren, um zu lernen. Hab keine Angst davor, Fehler zu machen. Und am wichtigsten: Hab Humor und lass das Ego weg. Das Leben ist zu kurz \u2013 wer hat schon Zeit f\u00fcr Drama?<\/p>\n                    <\/div>\n                <\/article>\n                            <article class=\"collapse-item col-12 col-md-6 col-xl-4\">\n                    <div class=\"title-wrapper\">\n                        <h4>Dazugeh\u00f6ren<\/h4>\n                    <\/div>\n                    <div class=\"collapse-content-data active\">\n                        <p data-start=\"1005\" data-end=\"1301\">Wir sind alle verschieden \u2013 doch wir teilen die Begeisterung, sinnvolle Erfahrungen zu schaffen. Wir verbringen viel Zeit miteinander, deshalb ist ein gutes Miteinander f\u00fcr uns selbstverst\u00e4ndlich. Wir sch\u00e4tzen Menschen, die Verantwortung \u00fcbernehmen, ihre Meinung \u00e4u\u00dfern und das gro\u00dfe Ganze sehen.<\/p>\n                    <\/div>\n                <\/article>\n                    <\/div>\n    <\/div>\n<\/section>\n\n<section id=\"culture-mb-block-a8d1fa2d-d93d-4cc6-a613-2c441d7a0d4d\" class=\"culture \" style=\"background-color: #000000\">\n    <div class=\"\">\n        <div class=\"section-intro\">\n                            <div class=\"title text-center\"><h2 data-start=\"1308\" data-end=\"1328\"><strong data-start=\"1311\" data-end=\"1328\">Unsere Kultur<\/strong><\/h2>\n<h3 data-start=\"1330\" data-end=\"1373\">\u00a0<\/h3>\n<\/div>\n                                <\/div>\n        <div class=\"item-img-container\">\n            <div class=\"container-fluid item-card\">\n                <div class=\"hr-line\"><\/div>\n                <div class=\"d-flex flex-column flex-lg-row justify-content-between\">\n                                            <div class=\"content-wrapper\">\n                                                            <h4>Eine lebendige Unternehmenskultur<\/h4>\n                                                        <div class=\"content\"><p data-start=\"1374\" data-end=\"1807\">Bei webkeyz f\u00f6rdern wir eine Kultur, die von Engagement und kontinuierlichem Lernen lebt. Von w\u00f6chentlichen Casual Meetups \u00fcber gemeinsame Coffee Breaks, Yoga-Sessions und verschiedene Clubs \u2013 wir schaffen zahlreiche M\u00f6glichkeiten f\u00fcr Austausch und pers\u00f6nliche Entwicklung. Unsere j\u00e4hrlichen Events sind nicht nur Veranstaltungen, sondern Feierlichkeiten unserer gemeinsamen Leistungen und oft der Beginn langj\u00e4hriger Freundschaften.<\/p>\n<\/div>\n                        <\/div>\n                                            <div class=\"content-wrapper\">\n                                                            <h4>Engagement f\u00fcr die Community<\/h4>\n                                                        <div class=\"content\"><p data-start=\"1853\" data-end=\"2281\">Soziale Verantwortung ist f\u00fcr uns kein Lippenbekenntnis. Wir initiieren Projekte, die unsere Community unterst\u00fctzen, das Erbe fr\u00fcherer Generationen ehren und gleichzeitig in die Zukunft investieren. Kommunikation und Zusammenarbeit sind das Fundament unseres schnellen Lernens. Mit individuellen Entwicklungspl\u00e4nen und vielen M\u00f6glichkeiten, Wissen zu teilen, sorgen wir daf\u00fcr, dass jeder eine klare Perspektive f\u00fcr Wachstum hat.<\/p>\n<\/div>\n                        <\/div>\n                                    <\/div>\n            <\/div>\n\n\n                            <div class=\"family-img-container w-100\">\n                    <img decoding=\"async\" src=\"https:\/\/webkeyz.com\/wp-content\/uploads\/2024\/07\/FullTeam.jpg\" alt=\"webkeyz\" class=\"full-width-img\">\n                <\/div>\n\n                    <\/div>\n    <\/div>\n<\/section>","protected":false},"excerpt":{"rendered":"","protected":false},"author":2,"featured_media":0,"parent":0,"menu_order":0,"comment_status":"closed","ping_status":"closed","template":"","meta":{"inline_featured_image":false,"footnotes":""},"class_list":["post-8688","page","type-page","status-publish","hentry"],"_links":{"self":[{"href":"https:\/\/webkeyz.com\/de-at\/wp-json\/wp\/v2\/pages\/8688","targetHints":{"allow":["GET"]}}],"collection":[{"href":"https:\/\/webkeyz.com\/de-at\/wp-json\/wp\/v2\/pages"}],"about":[{"href":"https:\/\/webkeyz.com\/de-at\/wp-json\/wp\/v2\/types\/page"}],"author":[{"embeddable":true,"href":"https:\/\/webkeyz.com\/de-at\/wp-json\/wp\/v2\/users\/2"}],"replies":[{"embeddable":true,"href":"https:\/\/webkeyz.com\/de-at\/wp-json\/wp\/v2\/comments?post=8688"}],"version-history":[{"count":2,"href":"https:\/\/webkeyz.com\/de-at\/wp-json\/wp\/v2\/pages\/8688\/revisions"}],"predecessor-version":[{"id":8718,"href":"https:\/\/webkeyz.com\/de-at\/wp-json\/wp\/v2\/pages\/8688\/revisions\/8718"}],"wp:attachment":[{"href":"https:\/\/webkeyz.com\/de-at\/wp-json\/wp\/v2\/media?parent=8688"}],"curies":[{"name":"wp","href":"https:\/\/api.w.org\/{rel}","templated":true}]}}